{"id":22,"date":"2013-03-15T16:02:17","date_gmt":"2013-03-15T14:02:17","guid":{"rendered":"http:\/\/www.beatrix-binder.de\/WP\/?page_id=22"},"modified":"2017-03-27T16:30:07","modified_gmt":"2017-03-27T14:30:07","slug":"vita","status":"publish","type":"page","link":"https:\/\/www.beatrix-binder.de\/","title":{"rendered":"VITA"},"content":{"rendered":"<div>Beatrix Binder ist in Hermannstadt (Sibiu\/Rum\u00e4nien) geboren und 1982 zusammen mit ihren Eltern nach Deutschland ausgereist. Mitte der neunziger Jahre fand ihr literarisches Schreiben seinen Anfang. Vom F\u00f6rderkreis deutscher Schriftsteller in Baden-W\u00fcrttemberg erhielt sie zwei Arbeitsstipendien. Seit 1998 wurden mehrere ihrer Kurzgeschichten ver\u00f6ffentlicht, 2006 erschien der Deb\u00fctroman \u00bbDie gl\u00e4serne Falle\u00ab, 2015 \u00bbDie L\u00fcgenbr\u00fccke\u00ab, vorgeschlagen f\u00fcr den Leipziger Buchpreis zur Europ\u00e4ischen Verst\u00e4ndigung 2016. Heute lebt und arbeitet Beatrix Binder in Frankfurt am Main und im Westerwald, wo sie zusammen mit ihrem Ehemann das KulturGut Hirtscheid betreibt \u2212 eine Symbiose aus Landwirtschaft, Kunst und Kultur. Seit 2016 ist sie Mitglied der Darmst\u00e4dter Textwerkstatt von Kurt Drawert\/Martina Weber.<br \/>\n<strong><br \/>\nVER\u00d6FFENTLICHUNGEN<\/strong><\/div>\n<div style=\"height: 20px;\"><\/div>\n<div>2015<br \/>\n\u00bb<strong>Die L\u00fcgenbr\u00fccke<\/strong>\u00ab, Der Kleine Buch Verlag, Karlsruhe<br \/>\n<strong>Vorgeschlagen f\u00fcr den Leipziger Buchpreis zur Europ\u00e4ischen Verst\u00e4ndigung 2016<\/strong><\/div>\n<div style=\"height: 20px;\"><\/div>\n<div>2006<br \/>\n\u00bb<strong>Die gl\u00e4serne Falle<\/strong>\u00ab, Demand Verlag, Waldburg<\/div>\n<div style=\"height: 20px;\"><\/div>\n<div>2004<br \/>\n\u00bb<strong>Angeschliffen<\/strong>\u00ab, Verlag Wortwechsel<\/div>\n<div style=\"height: 20px;\"><\/div>\n<div>2004<br \/>\n\u00bb<strong>Eine unvergessliche Reise<\/strong>\u00ab, Zentrum f\u00fcr Biographisches Schreiben<\/div>\n<div style=\"height: 20px;\"><\/div>\n<div>2002<br \/>\n\u00bb<strong>Herausforderung Schicksal<\/strong>\u00ab, Gaby-Verlag<\/div>\n<div style=\"height: 40px;\"><\/div>\n","protected":false},"excerpt":{"rendered":"<p>Beatrix Binder ist in Hermannstadt (Sibiu\/Rum\u00e4nien) geboren und 1982 zusammen mit ihren Eltern nach Deutschland ausgereist. Mitte der neunziger Jahre fand ihr literarisches Schreiben seinen Anfang. Vom F\u00f6rderkreis deutscher Schriftsteller in Baden-W\u00fcrttemberg erhielt sie zwei Arbeitsstipendien. Seit 1998 wurden mehrere &hellip; <a href=\"https:\/\/www.beatrix-binder.de\/\">Weiterlesen <span class=\"meta-nav\">&rarr;<\/span><\/a><\/p>\n","protected":false},"author":1,"featured_media":0,"parent":0,"menu_order":30,"comment_status":"closed","ping_status":"closed","template":"","meta":[],"_links":{"self":[{"href":"https:\/\/www.beatrix-binder.de\/index.php?rest_route=\/wp\/v2\/pages\/22"}],"collection":[{"href":"https:\/\/www.beatrix-binder.de\/index.php?rest_route=\/wp\/v2\/pages"}],"about":[{"href":"https:\/\/www.beatrix-binder.de\/index.php?rest_route=\/wp\/v2\/types\/page"}],"author":[{"embeddable":true,"href":"https:\/\/www.beatrix-binder.de\/index.php?rest_route=\/wp\/v2\/users\/1"}],"replies":[{"embeddable":true,"href":"https:\/\/www.beatrix-binder.de\/index.php?rest_route=%2Fwp%2Fv2%2Fcomments&post=22"}],"version-history":[{"count":45,"href":"https:\/\/www.beatrix-binder.de\/index.php?rest_route=\/wp\/v2\/pages\/22\/revisions"}],"predecessor-version":[{"id":192,"href":"https:\/\/www.beatrix-binder.de\/index.php?rest_route=\/wp\/v2\/pages\/22\/revisions\/192"}],"wp:attachment":[{"href":"https:\/\/www.beatrix-binder.de\/index.php?rest_route=%2Fwp%2Fv2%2Fmedia&parent=22"}],"curies":[{"name":"wp","href":"https:\/\/api.w.org\/{rel}","templated":true}]}}